{"id":8933,"date":"2020-12-05T04:27:56","date_gmt":"2020-12-05T04:27:56","guid":{"rendered":"http:\/\/7oroof.com\/tfdemos\/energtec\/?page_id=8933"},"modified":"2024-09-17T11:05:55","modified_gmt":"2024-09-17T11:05:55","slug":"gallery","status":"publish","type":"page","link":"https:\/\/tempries.de\/index.php\/gallery\/","title":{"rendered":"Gallery"},"content":{"rendered":"\t\t<div data-elementor-type=\"wp-page\" data-elementor-id=\"8933\" class=\"elementor elementor-8933\">\n\t\t\t\t        <section class=\"elementor-section elementor-top-section elementor-element elementor-element-58e8c712 elementor-section-stretched elementor-section-full_width elementor-section-height-default elementor-section-height-default\" data-id=\"58e8c712\" data-element_type=\"section\" data-settings=\"{&quot;stretch_section&quot;:&quot;section-stretched&quot;,&quot;background_background&quot;:&quot;classic&quot;}\">\r\n\t\t            <div class=\"elementor-background-overlay\"><\/div>\r\n\t\t\r\n\t\t        <div class=\"elementor-container elementor-column-gap-default \" >\r\n\t\t        <div class=\"elementor-column elementor-col-100 elementor-top-column elementor-element elementor-element-6641f326\" data-id=\"6641f326\" data-element_type=\"column\">\r\n            <div class=\"elementor-widget-wrap elementor-element-populated\">\r\n                        <section class=\"elementor-section elementor-inner-section elementor-element elementor-element-67418676 elementor-section-full_width elementor-section-height-default elementor-section-height-default\" data-id=\"67418676\" data-element_type=\"section\">\r\n\t\t\r\n\t\t        <div class=\"elementor-container elementor-column-gap-default \" >\r\n\t\t        <div class=\"elementor-column elementor-col-100 elementor-inner-column elementor-element elementor-element-515d1800\" data-id=\"515d1800\" data-element_type=\"column\">\r\n            <div class=\"elementor-widget-wrap elementor-element-populated\">\r\n                \t\t<div class=\"elementor-element elementor-element-4a0e5b28 elementor-widget elementor-widget-cms_heading\" data-id=\"4a0e5b28\" data-element_type=\"widget\" data-widget_type=\"cms_heading.default\">\n\t\t\t\t<div class=\"elementor-widget-container\">\n\t\t\t\t\t<div class=\"cms-heading-wrapper cms-heading-layout1\">\r\n    \r\n            <h1 class=\"custom-heading\">\r\n            <span >Gallerie<\/span>\r\n        <\/h1>\r\n        \r\n    <\/div>\t\t\t\t<\/div>\n\t\t\t\t<\/div>\n\t\t\t\t<div class=\"elementor-element elementor-element-34e7eadc elementor-widget elementor-widget-text-editor\" data-id=\"34e7eadc\" data-element_type=\"widget\" data-widget_type=\"text-editor.default\">\n\t\t\t\t<div class=\"elementor-widget-container\">\n\t\t\t\t\t\t\t\t\t<p>Impressionen aus Bauvorhaben und Projekten der letzten Jahre.<\/p>\t\t\t\t\t\t\t\t<\/div>\n\t\t\t\t<\/div>\n\t\t\t\t<div class=\"elementor-element elementor-element-1d3aa0f0 elementor-widget__width-auto elementor-widget elementor-widget-cms_button\" data-id=\"1d3aa0f0\" data-element_type=\"widget\" data-widget_type=\"cms_button.default\">\n\t\t\t\t<div class=\"elementor-widget-container\">\n\t\t\t\t\t<div class=\"cms-button-wrapper cms-button layout1\">\r\n    <a href=\"https:\/\/calendly.com\/tempries\/30min?month=2024-08\" target=\"_blank\" rel=\"nofollow noopener\" class=\"btn btn-white-secondary\">\r\n                            <span class=\"cms-button-icon cms-align-icon-right\">\r\n                <i aria-hidden=\"true\" class=\"flaticon flaticon-arrow-pointing-to-right\"><\/i>            <\/span>\r\n                <span class=\"cms-button-text\">Beratung<\/span>\r\n    <\/a>\r\n<\/div>\t\t\t\t<\/div>\n\t\t\t\t<\/div>\n\t\t            <\/div>\r\n        <\/div>\r\n        \t\t\t<\/div>\r\n\t\t<\/section>\r\n\t\t\t\t<div class=\"elementor-element elementor-element-1acb4f7f elementor-widget elementor-widget-spacer\" data-id=\"1acb4f7f\" data-element_type=\"widget\" data-widget_type=\"spacer.default\">\n\t\t\t\t<div class=\"elementor-widget-container\">\n\t\t\t\t\t\t\t<div class=\"elementor-spacer\">\n\t\t\t<div class=\"elementor-spacer-inner\"><\/div>\n\t\t<\/div>\n\t\t\t\t\t\t<\/div>\n\t\t\t\t<\/div>\n\t\t\t\t<div class=\"elementor-element elementor-element-48f06a85 elementor-widget elementor-widget-cms_breadcrumb\" data-id=\"48f06a85\" data-element_type=\"widget\" data-widget_type=\"cms_breadcrumb.default\">\n\t\t\t\t<div class=\"elementor-widget-container\">\n\t\t\t\t\t<ul class=\"cms-breadcrumb\"><li><span class=\"breadcrumb-entry\">Home<\/span><\/li><\/ul>\t\t\t\t<\/div>\n\t\t\t\t<\/div>\n\t\t            <\/div>\r\n        <\/div>\r\n        \t\t\t<\/div>\r\n\t\t<\/section>\r\n\t\t        <section class=\"elementor-section elementor-top-section elementor-element elementor-element-63f68a15 elementor-section-stretched elementor-section-boxed elementor-section-height-default elementor-section-height-default\" data-id=\"63f68a15\" data-element_type=\"section\" data-settings=\"{&quot;background_background&quot;:&quot;classic&quot;,&quot;stretch_section&quot;:&quot;section-stretched&quot;}\">\r\n\t\t\r\n\t\t        <div class=\"elementor-container elementor-column-gap-default \" >\r\n\t\t        <div class=\"elementor-column elementor-col-100 elementor-top-column elementor-element elementor-element-6f753402\" data-id=\"6f753402\" data-element_type=\"column\">\r\n            <div class=\"elementor-widget-wrap elementor-element-populated\">\r\n                \t\t<div class=\"elementor-element elementor-element-f5b1c28 elementor-widget elementor-widget-cms_image_gallery\" data-id=\"f5b1c28\" data-element_type=\"widget\" data-widget_type=\"cms_image_gallery.default\">\n\t\t\t\t<div class=\"elementor-widget-container\">\n\t\t\t\t\t\r\n<div id=\"cms_image_gallery-f5b1c28\" class=\"cms-grid cms-image-gallery images-light-box clearfix\" data-layout=\"masonry\">\r\n\r\n    <div class=\"cms-grid-inner cms-grid-masonry row\" data-gutter=\"15\">\r\n        <div class=\"grid-sizer col-xl-4 col-lg-4 col-md-6 col-sm-12 col-12\"><\/div>\r\n                    <div class=\"grid-item col-xl-4 col-lg-4 col-md-6 col-sm-12 col-12\">\r\n                <div class=\"grid-item-inner\">\r\n                    <span class=\"hover-effect cms-over\">\r\n                                                    <img fetchpriority=\"high\" decoding=\"async\" class=\"\" src=\"https:\/\/tempries.de\/wp-content\/uploads\/2021\/05\/compact-p2-air9-plus.jpg\" width=\"300\" height=\"300\" alt=\"Nilan Compact P2 Air9\" title=\"Nilan Compact P2 Air9 Doppelw\u00e4rmepumpe\" \/>                                            <\/span>\r\n                    <div class=\"grid-item-content\">\r\n                        <div class=\"up-icon\">\r\n                            <a class=\"light-box\" data-elementor-open-lightbox=\"no\" href=\"https:\/\/tempries.de\/wp-content\/uploads\/2021\/05\/compact-p2-air9-plus.jpg\" title=\"Nilan Compact P2 Air9 Doppelw\u00e4rmepumpe\">\r\n                                <i class=\"zmdi zmdi-eye\"><\/i>\r\n                            <\/a>\r\n                        <\/div>\r\n                    <\/div>\r\n                <\/div>\r\n                <div class=\"image-caption\">\r\n                    Nilan W\u00e4rmepumpen by tempries                <\/div>\r\n            <\/div>\r\n                    <div class=\"grid-item col-xl-4 col-lg-4 col-md-6 col-sm-12 col-12\">\r\n                <div class=\"grid-item-inner\">\r\n                    <span class=\"hover-effect cms-over\">\r\n                                                    <img decoding=\"async\" class=\"\" src=\"https:\/\/tempries.de\/wp-content\/uploads\/2024\/09\/Design-ohne-Titel-12-370x300.png\" width=\"370\" height=\"300\" alt=\"2024-09-17 tempries Kanalsystem f\u00fcr Holzst\u00e4nderbauweise\" title=\"tempries Kanalsystem f\u00fcr Holzst\u00e4nderbauweise\" \/>                                            <\/span>\r\n                    <div class=\"grid-item-content\">\r\n                        <div class=\"up-icon\">\r\n                            <a class=\"light-box\" data-elementor-open-lightbox=\"no\" href=\"https:\/\/tempries.de\/wp-content\/uploads\/2024\/09\/Design-ohne-Titel-12.png\" title=\"tempries Kanalsystem f\u00fcr Holzst\u00e4nderbauweise\">\r\n                                <i class=\"zmdi zmdi-eye\"><\/i>\r\n                            <\/a>\r\n                        <\/div>\r\n                    <\/div>\r\n                <\/div>\r\n                <div class=\"image-caption\">\r\n                    2024-09-17 tempries Kanalsystem f\u00fcr Holzst\u00e4nderbauweise                <\/div>\r\n            <\/div>\r\n                    <div class=\"grid-item col-xl-4 col-lg-4 col-md-6 col-sm-12 col-12\">\r\n                <div class=\"grid-item-inner\">\r\n                    <span class=\"hover-effect cms-over\">\r\n                                                    <img decoding=\"async\" class=\"\" src=\"https:\/\/tempries.de\/wp-content\/uploads\/2024\/08\/Combi-302-Polar-Top-APP-370x300.jpg\" width=\"370\" height=\"300\" alt=\"Nilan Combi 302 Polar Top by tempries\" title=\"Combi 302 Polar Top - APP\" \/>                                            <\/span>\r\n                    <div class=\"grid-item-content\">\r\n                        <div class=\"up-icon\">\r\n                            <a class=\"light-box\" data-elementor-open-lightbox=\"no\" href=\"https:\/\/tempries.de\/wp-content\/uploads\/2024\/08\/Combi-302-Polar-Top-APP.jpg\" title=\"Combi 302 Polar Top &#8211; APP\">\r\n                                <i class=\"zmdi zmdi-eye\"><\/i>\r\n                            <\/a>\r\n                        <\/div>\r\n                    <\/div>\r\n                <\/div>\r\n                <div class=\"image-caption\">\r\n                    Nilan Combi 302 Polar Top by tempries Luft-Luft W\u00e4rmepumpe                <\/div>\r\n            <\/div>\r\n                    <div class=\"grid-item col-xl-4 col-lg-4 col-md-6 col-sm-12 col-12\">\r\n                <div class=\"grid-item-inner\">\r\n                    <span class=\"hover-effect cms-over\">\r\n                                                    <img loading=\"lazy\" decoding=\"async\" class=\"\" src=\"https:\/\/tempries.de\/wp-content\/uploads\/2024\/09\/2024-09-17-tempries-Luftkanalsystem-370x300.png\" width=\"370\" height=\"300\" alt=\"tempries Luftkanalsystem im Hosbyhaus\" title=\"2024-09-17 tempries Luftkanalsystem\" \/>                                            <\/span>\r\n                    <div class=\"grid-item-content\">\r\n                        <div class=\"up-icon\">\r\n                            <a class=\"light-box\" data-elementor-open-lightbox=\"no\" href=\"https:\/\/tempries.de\/wp-content\/uploads\/2024\/09\/2024-09-17-tempries-Luftkanalsystem.png\" title=\"2024-09-17 tempries Luftkanalsystem\">\r\n                                <i class=\"zmdi zmdi-eye\"><\/i>\r\n                            <\/a>\r\n                        <\/div>\r\n                    <\/div>\r\n                <\/div>\r\n                <div class=\"image-caption\">\r\n                    tempries Luftkanalsystem im Hosbyhaus                <\/div>\r\n            <\/div>\r\n                    <div class=\"grid-item col-xl-4 col-lg-4 col-md-6 col-sm-12 col-12\">\r\n                <div class=\"grid-item-inner\">\r\n                    <span class=\"hover-effect cms-over\">\r\n                                                    <img loading=\"lazy\" decoding=\"async\" class=\"\" src=\"https:\/\/tempries.de\/wp-content\/uploads\/2024\/09\/2024-09-17-tempries-Luftverteilung-mit-Nilair-370x300.png\" width=\"370\" height=\"300\" alt=\"tempries Luftverteilung mit Nilair\" title=\"2024-09-17 tempries Luftverteilung mit Nilair\" \/>                                            <\/span>\r\n                    <div class=\"grid-item-content\">\r\n                        <div class=\"up-icon\">\r\n                            <a class=\"light-box\" data-elementor-open-lightbox=\"no\" href=\"https:\/\/tempries.de\/wp-content\/uploads\/2024\/09\/2024-09-17-tempries-Luftverteilung-mit-Nilair.png\" title=\"2024-09-17 tempries Luftverteilung mit Nilair\">\r\n                                <i class=\"zmdi zmdi-eye\"><\/i>\r\n                            <\/a>\r\n                        <\/div>\r\n                    <\/div>\r\n                <\/div>\r\n                <div class=\"image-caption\">\r\n                    tempries Luftverteilung mit Nilair                <\/div>\r\n            <\/div>\r\n                    <div class=\"grid-item col-xl-4 col-lg-4 col-md-6 col-sm-12 col-12\">\r\n                <div class=\"grid-item-inner\">\r\n                    <span class=\"hover-effect cms-over\">\r\n                                                    <img loading=\"lazy\" decoding=\"async\" class=\"\" src=\"https:\/\/tempries.de\/wp-content\/uploads\/2024\/09\/2024-09-17-Nilan-Compact-P2-mit-tempries-Schlauchsystem-370x300.png\" width=\"370\" height=\"300\" alt=\"Nilan Compact P2 mit tempries Schlauchsystem\" title=\"2024-09-17 Nilan Compact P2 mit tempries Schlauchsystem\" \/>                                            <\/span>\r\n                    <div class=\"grid-item-content\">\r\n                        <div class=\"up-icon\">\r\n                            <a class=\"light-box\" data-elementor-open-lightbox=\"no\" href=\"https:\/\/tempries.de\/wp-content\/uploads\/2024\/09\/2024-09-17-Nilan-Compact-P2-mit-tempries-Schlauchsystem.png\" title=\"2024-09-17 Nilan Compact P2 mit tempries Schlauchsystem\">\r\n                                <i class=\"zmdi zmdi-eye\"><\/i>\r\n                            <\/a>\r\n                        <\/div>\r\n                    <\/div>\r\n                <\/div>\r\n                <div class=\"image-caption\">\r\n                    Nilan Compact P2 mit tempries Schlauchsystem                <\/div>\r\n            <\/div>\r\n                    <div class=\"grid-item col-xl-4 col-lg-4 col-md-6 col-sm-12 col-12\">\r\n                <div class=\"grid-item-inner\">\r\n                    <span class=\"hover-effect cms-over\">\r\n                                                    <img loading=\"lazy\" decoding=\"async\" class=\"\" src=\"https:\/\/tempries.de\/wp-content\/uploads\/2024\/08\/Ovum_ACP_Speicher-neu-370x300.png\" width=\"370\" height=\"300\" alt=\"Ovum W\u00e4rmepumpen by tempries\" title=\"Ovum_ACP_Speicher-neu\" \/>                                            <\/span>\r\n                    <div class=\"grid-item-content\">\r\n                        <div class=\"up-icon\">\r\n                            <a class=\"light-box\" data-elementor-open-lightbox=\"no\" href=\"https:\/\/tempries.de\/wp-content\/uploads\/2024\/08\/Ovum_ACP_Speicher-neu.png\" title=\"Ovum_ACP_Speicher-neu\">\r\n                                <i class=\"zmdi zmdi-eye\"><\/i>\r\n                            <\/a>\r\n                        <\/div>\r\n                    <\/div>\r\n                <\/div>\r\n                <div class=\"image-caption\">\r\n                    Ovum W\u00e4rmepumpen by tempries                <\/div>\r\n            <\/div>\r\n            <\/div>\r\n<\/div>\t\t\t\t<\/div>\n\t\t\t\t<\/div>\n\t\t            <\/div>\r\n        <\/div>\r\n        \t\t\t<\/div>\r\n\t\t<\/section>\r\n\t\t\t\t<\/div>\n\t\t","protected":false},"excerpt":{"rendered":"<p>Gallerie Impressionen aus Bauvorhaben und Projekten der letzten Jahre. Beratung Home tempries Luftkanalsystem im Hosbyhaus Ovum W\u00e4rmepumpen by tempries Nilan Combi 302 Polar Top by tempries Luft-Luft W\u00e4rmepumpe Nilan W\u00e4rmepumpen by tempries Nilan Compact P2 mit tempries Schlauchsystem tempries Luftverteilung mit Nilair 2024-09-17 tempries Kanalsystem f\u00fcr Holzst\u00e4nderbauweise<\/p>\n","protected":false},"author":1,"featured_media":0,"parent":0,"menu_order":0,"comment_status":"closed","ping_status":"closed","template":"","meta":{"footnotes":""},"class_list":["post-8933","page","type-page","status-publish","hentry"],"_links":{"self":[{"href":"https:\/\/tempries.de\/index.php\/wp-json\/wp\/v2\/pages\/8933","targetHints":{"allow":["GET"]}}],"collection":[{"href":"https:\/\/tempries.de\/index.php\/wp-json\/wp\/v2\/pages"}],"about":[{"href":"https:\/\/tempries.de\/index.php\/wp-json\/wp\/v2\/types\/page"}],"author":[{"embeddable":true,"href":"https:\/\/tempries.de\/index.php\/wp-json\/wp\/v2\/users\/1"}],"replies":[{"embeddable":true,"href":"https:\/\/tempries.de\/index.php\/wp-json\/wp\/v2\/comments?post=8933"}],"version-history":[{"count":33,"href":"https:\/\/tempries.de\/index.php\/wp-json\/wp\/v2\/pages\/8933\/revisions"}],"predecessor-version":[{"id":22091,"href":"https:\/\/tempries.de\/index.php\/wp-json\/wp\/v2\/pages\/8933\/revisions\/22091"}],"wp:attachment":[{"href":"https:\/\/tempries.de\/index.php\/wp-json\/wp\/v2\/media?parent=8933"}],"curies":[{"name":"wp","href":"https:\/\/api.w.org\/{rel}","templated":true}]}}