{"id":15272,"date":"2021-02-03T04:39:55","date_gmt":"2021-02-03T04:39:55","guid":{"rendered":"http:\/\/7oroof.com\/tfdemos\/energtec\/?page_id=15272"},"modified":"2024-09-23T13:17:57","modified_gmt":"2024-09-23T13:17:57","slug":"karriere","status":"publish","type":"page","link":"https:\/\/tempries.de\/index.php\/karriere\/","title":{"rendered":"Karriere"},"content":{"rendered":"\t\t<div data-elementor-type=\"wp-page\" data-elementor-id=\"15272\" class=\"elementor elementor-15272\">\n\t\t\t\t        <section class=\"elementor-section elementor-top-section elementor-element elementor-element-65eceb0a elementor-section-stretched elementor-section-boxed elementor-section-height-default elementor-section-height-default\" data-id=\"65eceb0a\" data-element_type=\"section\" data-settings=\"{&quot;stretch_section&quot;:&quot;section-stretched&quot;,&quot;background_background&quot;:&quot;classic&quot;}\">\r\n\t\t            <div class=\"elementor-background-overlay\"><\/div>\r\n\t\t\r\n\t\t        <div class=\"elementor-container elementor-column-gap-default \" >\r\n\t\t        <div class=\"elementor-column elementor-col-100 elementor-top-column elementor-element elementor-element-3945b0ff\" data-id=\"3945b0ff\" data-element_type=\"column\">\r\n            <div class=\"elementor-widget-wrap elementor-element-populated\">\r\n                        <section class=\"elementor-section elementor-inner-section elementor-element elementor-element-754f6864 elementor-section-boxed elementor-section-height-default elementor-section-height-default\" data-id=\"754f6864\" data-element_type=\"section\">\r\n\t\t\r\n\t\t        <div class=\"elementor-container elementor-column-gap-default \" >\r\n\t\t        <div class=\"elementor-column elementor-col-100 elementor-inner-column elementor-element elementor-element-3056e9a6\" data-id=\"3056e9a6\" data-element_type=\"column\">\r\n            <div class=\"elementor-widget-wrap elementor-element-populated\">\r\n                \t\t<div class=\"elementor-element elementor-element-32c304f elementor-widget elementor-widget-cms_heading\" data-id=\"32c304f\" data-element_type=\"widget\" data-widget_type=\"cms_heading.default\">\n\t\t\t\t<div class=\"elementor-widget-container\">\n\t\t\t\t\t<div class=\"cms-heading-wrapper cms-heading-layout1\">\r\n    \r\n            <h1 class=\"custom-heading\">\r\n            <span >Karriere<\/span>\r\n        <\/h1>\r\n        \r\n    <\/div>\t\t\t\t<\/div>\n\t\t\t\t<\/div>\n\t\t\t\t<div class=\"elementor-element elementor-element-fd269d2 elementor-widget elementor-widget-text-editor\" data-id=\"fd269d2\" data-element_type=\"widget\" data-widget_type=\"text-editor.default\">\n\t\t\t\t<div class=\"elementor-widget-container\">\n\t\t\t\t\t\t\t\t\t<p>Interessante Aufgaben warten auf Sie im Bereich der W\u00e4rmepumpen und erneuerbaren Energien. Wir sind st\u00e4ndig auf der Suche nach Mitarbeitern, die Ihre Welt f\u00fcr sich und Ihre Familien gestalten wollen.<\/p>\t\t\t\t\t\t\t\t<\/div>\n\t\t\t\t<\/div>\n\t\t            <\/div>\r\n        <\/div>\r\n        \t\t\t<\/div>\r\n\t\t<\/section>\r\n\t\t\t\t<div class=\"elementor-element elementor-element-490ca1ef elementor-widget elementor-widget-spacer\" data-id=\"490ca1ef\" data-element_type=\"widget\" data-widget_type=\"spacer.default\">\n\t\t\t\t<div class=\"elementor-widget-container\">\n\t\t\t\t\t\t\t<div class=\"elementor-spacer\">\n\t\t\t<div class=\"elementor-spacer-inner\"><\/div>\n\t\t<\/div>\n\t\t\t\t\t\t<\/div>\n\t\t\t\t<\/div>\n\t\t\t\t<div class=\"elementor-element elementor-element-4c750a12 elementor-widget elementor-widget-cms_breadcrumb\" data-id=\"4c750a12\" data-element_type=\"widget\" data-widget_type=\"cms_breadcrumb.default\">\n\t\t\t\t<div class=\"elementor-widget-container\">\n\t\t\t\t\t<ul class=\"cms-breadcrumb\"><li><span class=\"breadcrumb-entry\">Home<\/span><\/li><\/ul>\t\t\t\t<\/div>\n\t\t\t\t<\/div>\n\t\t            <\/div>\r\n        <\/div>\r\n        \t\t\t<\/div>\r\n\t\t<\/section>\r\n\t\t        <section class=\"elementor-section elementor-top-section elementor-element elementor-element-bca7634 elementor-section-stretched elementor-section-boxed elementor-section-height-default elementor-section-height-default\" data-id=\"bca7634\" data-element_type=\"section\" data-settings=\"{&quot;stretch_section&quot;:&quot;section-stretched&quot;,&quot;background_background&quot;:&quot;classic&quot;}\">\r\n\t\t\r\n\t\t        <div class=\"elementor-container elementor-column-gap-default \" >\r\n\t\t        <div class=\"elementor-column elementor-col-100 elementor-top-column elementor-element elementor-element-3d13c3f\" data-id=\"3d13c3f\" data-element_type=\"column\">\r\n            <div class=\"elementor-widget-wrap elementor-element-populated\">\r\n                \t\t<div class=\"elementor-element elementor-element-9422982 elementor-widget elementor-widget-cms_heading\" data-id=\"9422982\" data-element_type=\"widget\" data-widget_type=\"cms_heading.default\">\n\t\t\t\t<div class=\"elementor-widget-container\">\n\t\t\t\t\t<div class=\"cms-heading-wrapper cms-heading-layout1\">\r\n    \r\n            <h2 class=\"custom-heading\">\r\n            <span >Mehr als 20 Jahren arbeiten wir mit W\u00e4rmepumpen und Photovoltaikanlagen.<\/span>\r\n        <\/h2>\r\n        \r\n    <\/div>\t\t\t\t<\/div>\n\t\t\t\t<\/div>\n\t\t\t\t<div class=\"elementor-element elementor-element-2b2fbac elementor-widget elementor-widget-cms_career_carousel\" data-id=\"2b2fbac\" data-element_type=\"widget\" data-widget_type=\"cms_career_carousel.default\">\n\t\t\t\t<div class=\"elementor-widget-container\">\n\t\t\t\t\t    <div class=\"cms-career-carousel1 cms-slick-slider\">\r\n        <div class=\"cms-carousel-inner\">\r\n            <div class=\"cms-slick-carousel\" data-arrows=\"false\" data-dots=\"true\" data-pauseOnHover=\"false\" data-autoplay=\"false\" data-autoplaySpeed=\"5000\" data-infinite=\"false\" data-speed=\"500\" data-slidesToShow=\"3\" data-slidesToShowTablet=\"2\" data-slidesToShowMobile=\"1\" data-slidesToScroll=\"1\" data-slidesToScrollTablet=\"1\" data-slidesToScrollMobile=\"1\">\r\n                                        <div class=\"slick-slide\">\r\n                            <div class=\"career-inner\">\r\n                                <div class=\"career-meta\">\r\n                                    <span class=\"career-time\">Full Time<\/span>\r\n                                    <span class=\"career-address\">Genthin<\/span>\r\n                                <\/div>\r\n                                <h3 class=\"career-title\">Meister Heizungsbau (m\/w\/d)<\/h3>\r\n                                <div class=\"career-desc\">Zu Ihren Aufgaben geh\u00f6rt die Auslegung der Anlagentechnik und die Qualit\u00e4tskontrolle auf den Baustellen<\/div>\r\n                                <div class=\"career-readmore\">\r\n                                    <a class=\"btn btn-secondary\" ><i class=\"fac fac-arrow-right\"><\/i><\/a>\r\n                                <\/div>\r\n                            <\/div>\r\n                        <\/div>\r\n                                        <div class=\"slick-slide\">\r\n                            <div class=\"career-inner\">\r\n                                <div class=\"career-meta\">\r\n                                    <span class=\"career-time\">Full Time<\/span>\r\n                                    <span class=\"career-address\">Genthin<\/span>\r\n                                <\/div>\r\n                                <h3 class=\"career-title\">Kundendienstmonteur (m\/w\/d)<\/h3>\r\n                                <div class=\"career-desc\">Einbau von W\u00e4rmepumpen beim Kunden, bis zur Betriebsbereitschaft.<\/div>\r\n                                <div class=\"career-readmore\">\r\n                                    <a class=\"btn btn-secondary\" ><i class=\"fac fac-arrow-right\"><\/i><\/a>\r\n                                <\/div>\r\n                            <\/div>\r\n                        <\/div>\r\n                                        <div class=\"slick-slide\">\r\n                            <div class=\"career-inner\">\r\n                                <div class=\"career-meta\">\r\n                                    <span class=\"career-time\">Full Time<\/span>\r\n                                    <span class=\"career-address\">Genthin<\/span>\r\n                                <\/div>\r\n                                <h3 class=\"career-title\">Shopmanager (m\/w\/d)<\/h3>\r\n                                <div class=\"career-desc\">Betreuen unseres Onlineshops und ERP Systems. Artikel und Systempflege, sowie die Abwicklung der Kundenauftr\u00e4ge.<\/div>\r\n                                <div class=\"career-readmore\">\r\n                                    <a class=\"btn btn-secondary\" ><i class=\"fac fac-arrow-right\"><\/i><\/a>\r\n                                <\/div>\r\n                            <\/div>\r\n                        <\/div>\r\n                                        <div class=\"slick-slide\">\r\n                            <div class=\"career-inner\">\r\n                                <div class=\"career-meta\">\r\n                                    <span class=\"career-time\">Full Time<\/span>\r\n                                    <span class=\"career-address\">Genthin<\/span>\r\n                                <\/div>\r\n                                <h3 class=\"career-title\">Meister Elektrotechnik (m\/w\/d)<\/h3>\r\n                                <div class=\"career-desc\">Planen von PV Anlagen<\/div>\r\n                                <div class=\"career-readmore\">\r\n                                    <a class=\"btn btn-secondary\" ><i class=\"fac fac-arrow-right\"><\/i><\/a>\r\n                                <\/div>\r\n                            <\/div>\r\n                        <\/div>\r\n                            <\/div>\r\n        <\/div>\r\n    <\/div>\r\n\t\t\t\t<\/div>\n\t\t\t\t<\/div>\n\t\t            <\/div>\r\n        <\/div>\r\n        \t\t\t<\/div>\r\n\t\t<\/section>\r\n\t\t        <section class=\"elementor-section elementor-top-section elementor-element elementor-element-2c882a20 elementor-section-full_width elementor-section-stretched elementor-section-height-default elementor-section-height-default\" data-id=\"2c882a20\" data-element_type=\"section\" data-settings=\"{&quot;stretch_section&quot;:&quot;section-stretched&quot;,&quot;background_background&quot;:&quot;classic&quot;}\">\r\n\t\t\r\n\t\t        <div class=\"elementor-container elementor-column-gap-no \" >\r\n\t\t        <div class=\"elementor-column elementor-col-50 elementor-top-column elementor-element elementor-element-480a700e\" data-id=\"480a700e\" data-element_type=\"column\" data-settings=\"{&quot;background_background&quot;:&quot;classic&quot;}\">\r\n            <div class=\"elementor-widget-wrap elementor-element-populated\">\r\n                \t\t<div class=\"elementor-element elementor-element-b057073 elementor-widget elementor-widget-spacer\" data-id=\"b057073\" data-element_type=\"widget\" data-widget_type=\"spacer.default\">\n\t\t\t\t<div class=\"elementor-widget-container\">\n\t\t\t\t\t\t\t<div class=\"elementor-spacer\">\n\t\t\t<div class=\"elementor-spacer-inner\"><\/div>\n\t\t<\/div>\n\t\t\t\t\t\t<\/div>\n\t\t\t\t<\/div>\n\t\t\t\t<div class=\"elementor-element elementor-element-1f875ffc elementor-widget elementor-widget-cms_heading\" data-id=\"1f875ffc\" data-element_type=\"widget\" data-widget_type=\"cms_heading.default\">\n\t\t\t\t<div class=\"elementor-widget-container\">\n\t\t\t\t\t<div class=\"cms-heading-wrapper cms-heading-layout1\">\r\n    \r\n            <h2 class=\"custom-heading\">\r\n            <span >Als Familienunternehmen bieten wir Jobstabilit\u00e4t und Entwicklungsm\u00f6glichkeiten <\/span>\r\n        <\/h2>\r\n        \r\n    <\/div>\t\t\t\t<\/div>\n\t\t\t\t<\/div>\n\t\t\t\t<div class=\"elementor-element elementor-element-1dbd6144 elementor-widget elementor-widget-text-editor\" data-id=\"1dbd6144\" data-element_type=\"widget\" data-widget_type=\"text-editor.default\">\n\t\t\t\t<div class=\"elementor-widget-container\">\n\t\t\t\t\t\t\t\t\t<p>Die Arbeit im Bereich W\u00e4rmepumpen und regenerativer Energien bietet zahlreiche Vorteile. Sie ist nicht nur umweltfreundlich, da sie einen erheblichen Beitrag zur Reduzierung von CO2-Emissionen leistet, sondern auch zukunftssicher, da diese Technologien zunehmend an Bedeutung gewinnen und fossile Brennstoffe ersetzen. Zudem erm\u00f6glicht diese Arbeit den Zugang zu innovativen Technologien, was sie sowohl technisch anspruchsvoll als auch beruflich erf\u00fcllend macht. Durch die T\u00e4tigkeit in diesem Bereich leisten Sie einen wichtigen gesellschaftlichen Beitrag zur Energiewende und zur Schaffung einer nachhaltigeren Zukunft mit Produkten und Dienstleistungen die dem Kunden auch einen Mehrwert beim Komfort bieten.<\/p>\t\t\t\t\t\t\t\t<\/div>\n\t\t\t\t<\/div>\n\t\t        <section class=\"elementor-section elementor-inner-section elementor-element elementor-element-45d1c9d1 elementor-section-boxed elementor-section-height-default elementor-section-height-default\" data-id=\"45d1c9d1\" data-element_type=\"section\">\r\n\t\t\r\n\t\t        <div class=\"elementor-container elementor-column-gap-extended \" >\r\n\t\t        <div class=\"elementor-column elementor-col-100 elementor-inner-column elementor-element elementor-element-942191c\" data-id=\"942191c\" data-element_type=\"column\">\r\n            <div class=\"elementor-widget-wrap\">\r\n                            <\/div>\r\n        <\/div>\r\n        \t\t\t<\/div>\r\n\t\t<\/section>\r\n\t\t\t\t<div class=\"elementor-element elementor-element-61502874 elementor-widget elementor-widget-spacer\" data-id=\"61502874\" data-element_type=\"widget\" data-widget_type=\"spacer.default\">\n\t\t\t\t<div class=\"elementor-widget-container\">\n\t\t\t\t\t\t\t<div class=\"elementor-spacer\">\n\t\t\t<div class=\"elementor-spacer-inner\"><\/div>\n\t\t<\/div>\n\t\t\t\t\t\t<\/div>\n\t\t\t\t<\/div>\n\t\t            <\/div>\r\n        <\/div>\r\n                <div class=\"elementor-column elementor-col-50 elementor-top-column elementor-element elementor-element-29084bd2\" data-id=\"29084bd2\" data-element_type=\"column\" data-settings=\"{&quot;background_background&quot;:&quot;classic&quot;}\">\r\n            <div class=\"elementor-widget-wrap elementor-element-populated\">\r\n                \t\t<div class=\"elementor-element elementor-element-442febd1 elementor-widget elementor-widget-spacer\" data-id=\"442febd1\" data-element_type=\"widget\" data-widget_type=\"spacer.default\">\n\t\t\t\t<div class=\"elementor-widget-container\">\n\t\t\t\t\t\t\t<div class=\"elementor-spacer\">\n\t\t\t<div class=\"elementor-spacer-inner\"><\/div>\n\t\t<\/div>\n\t\t\t\t\t\t<\/div>\n\t\t\t\t<\/div>\n\t\t            <\/div>\r\n        <\/div>\r\n        \t\t\t<\/div>\r\n\t\t<\/section>\r\n\t\t        <section class=\"elementor-section elementor-top-section elementor-element elementor-element-2073ae35 elementor-section-stretched elementor-section-boxed elementor-section-height-default elementor-section-height-default\" data-id=\"2073ae35\" data-element_type=\"section\" data-settings=\"{&quot;stretch_section&quot;:&quot;section-stretched&quot;,&quot;background_background&quot;:&quot;classic&quot;}\">\r\n\t\t            <div class=\"elementor-background-overlay\"><\/div>\r\n\t\t\r\n\t\t        <div class=\"elementor-container elementor-column-gap-default \" >\r\n\t\t        <div class=\"elementor-column elementor-col-100 elementor-top-column elementor-element elementor-element-814caa5\" data-id=\"814caa5\" data-element_type=\"column\">\r\n            <div class=\"elementor-widget-wrap\">\r\n                            <\/div>\r\n        <\/div>\r\n        \t\t\t<\/div>\r\n\t\t<\/section>\r\n\t\t        <section class=\"elementor-section elementor-top-section elementor-element elementor-element-207241b elementor-section-boxed elementor-section-height-default elementor-section-height-default\" data-id=\"207241b\" data-element_type=\"section\">\r\n\t\t\r\n\t\t        <div class=\"elementor-container elementor-column-gap-default \" >\r\n\t\t        <div class=\"elementor-column elementor-col-100 elementor-top-column elementor-element elementor-element-044556b\" data-id=\"044556b\" data-element_type=\"column\">\r\n            <div class=\"elementor-widget-wrap elementor-element-populated\">\r\n                \t\t<div class=\"elementor-element elementor-element-5dd954f elementor-widget elementor-widget-cms_ctf7\" data-id=\"5dd954f\" data-element_type=\"widget\" data-widget_type=\"cms_ctf7.default\">\n\t\t\t\t<div class=\"elementor-widget-container\">\n\t\t\t\t\t    <div id=\"cms_ctf7-5dd954f\" class=\"cms-contact-form style1\">\r\n        <div class=\"cms-contact-form-inner\">\r\n        \t            \n<div class=\"wpcf7 no-js\" id=\"wpcf7-f6512-o1\" lang=\"en-US\" dir=\"ltr\" data-wpcf7-id=\"6512\">\n<div class=\"screen-reader-response\"><p role=\"status\" aria-live=\"polite\" aria-atomic=\"true\"><\/p> <ul><\/ul><\/div>\n<form action=\"\/index.php\/wp-json\/wp\/v2\/pages\/15272#wpcf7-f6512-o1\" method=\"post\" class=\"wpcf7-form init\" aria-label=\"Contact form\" novalidate=\"novalidate\" data-status=\"init\">\n<div style=\"display: none;\">\n<input type=\"hidden\" name=\"_wpcf7\" value=\"6512\" \/>\n<input type=\"hidden\" name=\"_wpcf7_version\" value=\"6.0.3\" \/>\n<input type=\"hidden\" name=\"_wpcf7_locale\" value=\"en_US\" \/>\n<input type=\"hidden\" name=\"_wpcf7_unit_tag\" value=\"wpcf7-f6512-o1\" \/>\n<input type=\"hidden\" name=\"_wpcf7_container_post\" value=\"0\" \/>\n<input type=\"hidden\" name=\"_wpcf7_posted_data_hash\" value=\"\" \/>\n<input type=\"hidden\" name=\"_wpcf7_recaptcha_response\" value=\"\" \/>\n<\/div>\n<h4>Nehmen Sie Kontakt mit uns auf!<\/h4>\n<p style=\"font-size:15px; margin-top:15px; margin-bottom:32px;\">Gerne nehmen wir mit Ihnen Kontakt auf. Bitte teilen Sie uns Ihre Kontaktdaten und das Anliegen mit.<\/p>\n<div class=\"row\">\n    <div class=\"col-sm-12 col-md-6 col-lg-6\">\n        <div class=\"input-filled\"><span class=\"wpcf7-form-control-wrap\" data-name=\"your-name\"><input size=\"40\" maxlength=\"400\" class=\"wpcf7-form-control wpcf7-text wpcf7-validates-as-required\" aria-required=\"true\" aria-invalid=\"false\" placeholder=\"Name\" value=\"\" type=\"text\" name=\"your-name\" \/><\/span><\/div>\n    <\/div>\n    <div class=\"col-sm-12 col-md-6 col-lg-6\">\n        <div class=\"input-filled\"><span class=\"wpcf7-form-control-wrap\" data-name=\"your-email\"><input size=\"40\" maxlength=\"400\" class=\"wpcf7-form-control wpcf7-email wpcf7-validates-as-required wpcf7-text wpcf7-validates-as-email\" aria-required=\"true\" aria-invalid=\"false\" placeholder=\"Email\" value=\"\" type=\"email\" name=\"your-email\" \/><\/span><\/div>\n    <\/div>\n<\/div>\n\n<div class=\"row\">\n    <div class=\"col-sm-12 col-md-6 col-lg-6\">\n        <div class=\"input-filled\"><span class=\"wpcf7-form-control-wrap\" data-name=\"your-phone\"><input size=\"40\" maxlength=\"400\" class=\"wpcf7-form-control wpcf7-text wpcf7-validates-as-required\" aria-required=\"true\" aria-invalid=\"false\" placeholder=\"Telefonnummer\" value=\"\" type=\"text\" name=\"your-phone\" \/><\/span><\/div>\n    <\/div>\n    <div class=\"col-sm-12 col-md-6 col-lg-6\">\n        <div class=\"input-filled\"><span class=\"wpcf7-form-control-wrap\" data-name=\"your-service\"><select class=\"wpcf7-form-control wpcf7-select\" aria-invalid=\"false\" name=\"your-service\"><option value=\"W\u00e4hlen Sie den Bereich\">W\u00e4hlen Sie den Bereich<\/option><option value=\"W\u00e4rmepumpen\">W\u00e4rmepumpen<\/option><option value=\"PV-Anlagen\">PV-Anlagen<\/option><option value=\"Wartung &amp; Service\">Wartung &amp; Service<\/option><option value=\"Karriere\">Karriere<\/option><\/select><\/span><\/div>\n    <\/div>\n<\/div>\n\n<div class=\"row\">\n    <div class=\"col-12\">\n        <div class=\"input-filled\"><span class=\"wpcf7-form-control-wrap\" data-name=\"your-message\"><textarea cols=\"40\" rows=\"10\" maxlength=\"2000\" class=\"wpcf7-form-control wpcf7-textarea wpcf7-validates-as-required\" aria-required=\"true\" aria-invalid=\"false\" placeholder=\"Ihr Anliegen\" name=\"your-message\"><\/textarea><\/span><\/div>\n    <\/div>\n<\/div>\n\n<div class=\"row\">\n    <div class=\"col-12\">\n      <button type=\"submit\" class=\"wpcf7-submit btn btn-fullwidth\" style=\"\n    padding: 10px 30px;\n\">Absenden<i class=\"fas fa-arrow-right\" style=\"margin-left:80px; font-size: 15px;\"><\/i><\/button>\n    <\/div>\n<\/div><p style=\"display: none !important;\" class=\"akismet-fields-container\" data-prefix=\"_wpcf7_ak_\"><label>&#916;<textarea name=\"_wpcf7_ak_hp_textarea\" cols=\"45\" rows=\"8\" maxlength=\"100\"><\/textarea><\/label><input type=\"hidden\" id=\"ak_js_1\" name=\"_wpcf7_ak_js\" value=\"191\"\/><script>document.getElementById( \"ak_js_1\" ).setAttribute( \"value\", ( new Date() ).getTime() );<\/script><\/p><div class=\"wpcf7-response-output\" aria-hidden=\"true\"><\/div>\n<\/form>\n<\/div>\n        <\/div>\r\n    <\/div>\r\n\t\t\t\t<\/div>\n\t\t\t\t<\/div>\n\t\t            <\/div>\r\n        <\/div>\r\n        \t\t\t<\/div>\r\n\t\t<\/section>\r\n\t\t\t\t<\/div>\n\t\t","protected":false},"excerpt":{"rendered":"<p>Karriere Interessante Aufgaben warten auf Sie im Bereich der W\u00e4rmepumpen und erneuerbaren Energien. Wir sind st\u00e4ndig auf der Suche nach Mitarbeitern, die Ihre Welt f\u00fcr sich und Ihre Familien gestalten wollen. Home Mehr als 20 Jahren arbeiten wir mit W\u00e4rmepumpen und Photovoltaikanlagen. Full Time Genthin Meister Heizungsbau (m\/w\/d) Zu Ihren Aufgaben geh\u00f6rt die Auslegung der [&hellip;]<\/p>\n","protected":false},"author":1,"featured_media":0,"parent":0,"menu_order":0,"comment_status":"closed","ping_status":"closed","template":"","meta":{"footnotes":""},"class_list":["post-15272","page","type-page","status-publish","hentry"],"_links":{"self":[{"href":"https:\/\/tempries.de\/index.php\/wp-json\/wp\/v2\/pages\/15272","targetHints":{"allow":["GET"]}}],"collection":[{"href":"https:\/\/tempries.de\/index.php\/wp-json\/wp\/v2\/pages"}],"about":[{"href":"https:\/\/tempries.de\/index.php\/wp-json\/wp\/v2\/types\/page"}],"author":[{"embeddable":true,"href":"https:\/\/tempries.de\/index.php\/wp-json\/wp\/v2\/users\/1"}],"replies":[{"embeddable":true,"href":"https:\/\/tempries.de\/index.php\/wp-json\/wp\/v2\/comments?post=15272"}],"version-history":[{"count":46,"href":"https:\/\/tempries.de\/index.php\/wp-json\/wp\/v2\/pages\/15272\/revisions"}],"predecessor-version":[{"id":22300,"href":"https:\/\/tempries.de\/index.php\/wp-json\/wp\/v2\/pages\/15272\/revisions\/22300"}],"wp:attachment":[{"href":"https:\/\/tempries.de\/index.php\/wp-json\/wp\/v2\/media?parent=15272"}],"curies":[{"name":"wp","href":"https:\/\/api.w.org\/{rel}","templated":true}]}}