{"id":14838,"date":"2021-02-02T16:22:22","date_gmt":"2021-02-02T16:22:22","guid":{"rendered":"http:\/\/7oroof.com\/tfdemos\/energtec\/?page_id=14838"},"modified":"2025-12-10T17:28:16","modified_gmt":"2025-12-10T15:28:16","slug":"mitgliedschaften","status":"publish","type":"page","link":"https:\/\/tempries.de\/index.php\/mitgliedschaften\/","title":{"rendered":"Mitgliedschaften"},"content":{"rendered":"\t\t<div data-elementor-type=\"wp-page\" data-elementor-id=\"14838\" class=\"elementor elementor-14838\">\n\t\t\t\t        <section class=\"elementor-section elementor-top-section elementor-element elementor-element-1bdcecbd elementor-section-stretched elementor-section-full_width elementor-section-height-default elementor-section-height-default\" data-id=\"1bdcecbd\" data-element_type=\"section\" data-settings=\"{&quot;stretch_section&quot;:&quot;section-stretched&quot;,&quot;background_background&quot;:&quot;classic&quot;}\">\r\n\t\t            <div class=\"elementor-background-overlay\"><\/div>\r\n\t\t\r\n\t\t        <div class=\"elementor-container elementor-column-gap-default \" >\r\n\t\t        <div class=\"elementor-column elementor-col-100 elementor-top-column elementor-element elementor-element-55f631c3\" data-id=\"55f631c3\" data-element_type=\"column\">\r\n            <div class=\"elementor-widget-wrap elementor-element-populated\">\r\n                        <section class=\"elementor-section elementor-inner-section elementor-element elementor-element-55f9d055 elementor-section-full_width elementor-section-height-default elementor-section-height-default\" data-id=\"55f9d055\" data-element_type=\"section\">\r\n\t\t\r\n\t\t        <div class=\"elementor-container elementor-column-gap-default \" >\r\n\t\t        <div class=\"elementor-column elementor-col-100 elementor-inner-column elementor-element elementor-element-364ea3fb\" data-id=\"364ea3fb\" data-element_type=\"column\">\r\n            <div class=\"elementor-widget-wrap elementor-element-populated\">\r\n                \t\t<div class=\"elementor-element elementor-element-6779f04f elementor-widget elementor-widget-cms_heading\" data-id=\"6779f04f\" data-element_type=\"widget\" data-widget_type=\"cms_heading.default\">\n\t\t\t\t<div class=\"elementor-widget-container\">\n\t\t\t\t\t<div class=\"cms-heading-wrapper cms-heading-layout1\">\r\n    \r\n            <h1 class=\"custom-heading\">\r\n            <span >Mitgliedschaften <\/span>\r\n        <\/h1>\r\n        \r\n    <\/div>\t\t\t\t<\/div>\n\t\t\t\t<\/div>\n\t\t\t\t<div class=\"elementor-element elementor-element-58d86e10 elementor-widget elementor-widget-text-editor\" data-id=\"58d86e10\" data-element_type=\"widget\" data-widget_type=\"text-editor.default\">\n\t\t\t\t<div class=\"elementor-widget-container\">\n\t\t\t\t\t\t\t\t\t<p>Als breitaufgestelltes Unternehmen im SHK Handwerk mit Planung, Montage und Online-Vertriebskan\u00e4len sind wir Mitglied in verschiedenen Kammern und Vereinigungen<\/p>\t\t\t\t\t\t\t\t<\/div>\n\t\t\t\t<\/div>\n\t\t\t\t<div class=\"elementor-element elementor-element-185cb53c elementor-widget__width-auto elementor-widget elementor-widget-cms_button\" data-id=\"185cb53c\" data-element_type=\"widget\" data-widget_type=\"cms_button.default\">\n\t\t\t\t<div class=\"elementor-widget-container\">\n\t\t\t\t\t<div class=\"cms-button-wrapper cms-button layout1\">\r\n    <a href=\"https:\/\/calendly.com\/tempries\/30min?month=2024-08\" target=\"_blank\" rel=\"nofollow noopener\" class=\"btn btn-outline-white\">\r\n                            <span class=\"cms-button-icon cms-align-icon-right\">\r\n                <i aria-hidden=\"true\" class=\"flaticon flaticon-arrow-pointing-to-right\"><\/i>            <\/span>\r\n                <span class=\"cms-button-text\">Beratungstermin<\/span>\r\n    <\/a>\r\n<\/div>\t\t\t\t<\/div>\n\t\t\t\t<\/div>\n\t\t            <\/div>\r\n        <\/div>\r\n        \t\t\t<\/div>\r\n\t\t<\/section>\r\n\t\t\t\t<div class=\"elementor-element elementor-element-40d0eddf elementor-widget elementor-widget-spacer\" data-id=\"40d0eddf\" data-element_type=\"widget\" data-widget_type=\"spacer.default\">\n\t\t\t\t<div class=\"elementor-widget-container\">\n\t\t\t\t\t\t\t<div class=\"elementor-spacer\">\n\t\t\t<div class=\"elementor-spacer-inner\"><\/div>\n\t\t<\/div>\n\t\t\t\t\t\t<\/div>\n\t\t\t\t<\/div>\n\t\t\t\t<div class=\"elementor-element elementor-element-51844ac9 elementor-widget elementor-widget-cms_breadcrumb\" data-id=\"51844ac9\" data-element_type=\"widget\" data-widget_type=\"cms_breadcrumb.default\">\n\t\t\t\t<div class=\"elementor-widget-container\">\n\t\t\t\t\t<ul class=\"cms-breadcrumb\"><li><span class=\"breadcrumb-entry\">Home<\/span><\/li><\/ul>\t\t\t\t<\/div>\n\t\t\t\t<\/div>\n\t\t            <\/div>\r\n        <\/div>\r\n        \t\t\t<\/div>\r\n\t\t<\/section>\r\n\t\t        <section class=\"elementor-section elementor-top-section elementor-element elementor-element-6151d807 elementor-section-boxed elementor-section-height-default elementor-section-height-default\" data-id=\"6151d807\" data-element_type=\"section\">\r\n\t\t\r\n\t\t        <div class=\"elementor-container elementor-column-gap-default \" >\r\n\t\t        <div class=\"elementor-column elementor-col-100 elementor-top-column elementor-element elementor-element-42d23ace\" data-id=\"42d23ace\" data-element_type=\"column\">\r\n            <div class=\"elementor-widget-wrap elementor-element-populated\">\r\n                \t\t<div class=\"elementor-element elementor-element-945dd35 elementor-widget elementor-widget-cms_heading\" data-id=\"945dd35\" data-element_type=\"widget\" data-widget_type=\"cms_heading.default\">\n\t\t\t\t<div class=\"elementor-widget-container\">\n\t\t\t\t\t<div class=\"cms-heading-wrapper cms-heading-layout1\">\r\n            <div class=\"custom-subheading\">Gute Arbeit, ben\u00f6tigt starke Partner<\/div>\r\n    \r\n            <h2 class=\"custom-heading\">\r\n            <span >Mit innovativen Systemen und Partnern st\u00e4rken wir das Handwerk<\/span>\r\n        <\/h2>\r\n        \r\n    <\/div>\t\t\t\t<\/div>\n\t\t\t\t<\/div>\n\t\t            <\/div>\r\n        <\/div>\r\n        \t\t\t<\/div>\r\n\t\t<\/section>\r\n\t\t        <section class=\"elementor-section elementor-top-section elementor-element elementor-element-693bac65 elementor-section-boxed elementor-section-height-default elementor-section-height-default\" data-id=\"693bac65\" data-element_type=\"section\">\r\n\t\t\r\n\t\t        <div class=\"elementor-container elementor-column-gap-extended \" >\r\n\t\t        <div class=\"elementor-column elementor-col-33 elementor-top-column elementor-element elementor-element-65d3b98e\" data-id=\"65d3b98e\" data-element_type=\"column\">\r\n            <div class=\"elementor-widget-wrap elementor-element-populated\">\r\n                \t\t<div class=\"elementor-element elementor-element-4c4c2457 elementor-widget elementor-widget-image\" data-id=\"4c4c2457\" data-element_type=\"widget\" data-widget_type=\"image.default\">\n\t\t\t\t<div class=\"elementor-widget-container\">\n\t\t\t\t\t\t\t\t\t\t\t\t\t\t\t<img decoding=\"async\" width=\"230\" height=\"157\" src=\"https:\/\/tempries.de\/wp-content\/uploads\/2024\/08\/2024-08-21-Logo-Handwerkskammer-Magdeburg.png\" class=\"attachment-full size-full wp-image-21344\" alt=\"tempries GmbH ist Mitglied der Handwerkskammer Magdeburg\" \/>\t\t\t\t\t\t\t\t\t\t\t\t\t\t\t<\/div>\n\t\t\t\t<\/div>\n\t\t\t\t<div class=\"elementor-element elementor-element-c2e895d elementor-widget elementor-widget-cms_heading\" data-id=\"c2e895d\" data-element_type=\"widget\" data-widget_type=\"cms_heading.default\">\n\t\t\t\t<div class=\"elementor-widget-container\">\n\t\t\t\t\t<div class=\"cms-heading-wrapper cms-heading-layout1\">\r\n    \r\n            <h4 class=\"custom-heading\">\r\n            <span >Handwerkskammer Magdeburg\n<\/span>\r\n        <\/h4>\r\n        \r\n            <div class=\"custom-heading-description\">Wir sind ein eingetragenes Unternehmen bei der Handwerkskammer Magdeburg.<\/div>\r\n    <\/div>\t\t\t\t<\/div>\n\t\t\t\t<\/div>\n\t\t            <\/div>\r\n        <\/div>\r\n                <div class=\"elementor-column elementor-col-33 elementor-top-column elementor-element elementor-element-79ff2ef\" data-id=\"79ff2ef\" data-element_type=\"column\">\r\n            <div class=\"elementor-widget-wrap elementor-element-populated\">\r\n                \t\t<div class=\"elementor-element elementor-element-912ddbb elementor-widget elementor-widget-image\" data-id=\"912ddbb\" data-element_type=\"widget\" data-widget_type=\"image.default\">\n\t\t\t\t<div class=\"elementor-widget-container\">\n\t\t\t\t\t\t\t\t\t\t\t\t\t\t\t<img decoding=\"async\" width=\"230\" height=\"157\" src=\"https:\/\/tempries.de\/wp-content\/uploads\/2024\/08\/Design-ohne-Titel-2.png\" class=\"attachment-full size-full wp-image-21342\" alt=\"IHK Magdeburg\" \/>\t\t\t\t\t\t\t\t\t\t\t\t\t\t\t<\/div>\n\t\t\t\t<\/div>\n\t\t\t\t<div class=\"elementor-element elementor-element-e4e7401 elementor-widget elementor-widget-cms_heading\" data-id=\"e4e7401\" data-element_type=\"widget\" data-widget_type=\"cms_heading.default\">\n\t\t\t\t<div class=\"elementor-widget-container\">\n\t\t\t\t\t<div class=\"cms-heading-wrapper cms-heading-layout1\">\r\n    \r\n            <h4 class=\"custom-heading\">\r\n            <span >IHK Magdeburg<\/span>\r\n        <\/h4>\r\n        \r\n            <div class=\"custom-heading-description\">Wir sind ein eingetragenes Unternehmen bei der Handwerkskammer Magdeburg<\/div>\r\n    <\/div>\t\t\t\t<\/div>\n\t\t\t\t<\/div>\n\t\t            <\/div>\r\n        <\/div>\r\n                <div class=\"elementor-column elementor-col-33 elementor-top-column elementor-element elementor-element-a0245d9\" data-id=\"a0245d9\" data-element_type=\"column\">\r\n            <div class=\"elementor-widget-wrap elementor-element-populated\">\r\n                \t\t<div class=\"elementor-element elementor-element-f2fbea5 elementor-widget elementor-widget-image\" data-id=\"f2fbea5\" data-element_type=\"widget\" data-widget_type=\"image.default\">\n\t\t\t\t<div class=\"elementor-widget-container\">\n\t\t\t\t\t\t\t\t\t\t\t\t\t\t\t<img decoding=\"async\" width=\"230\" height=\"157\" src=\"https:\/\/tempries.de\/wp-content\/uploads\/2024\/08\/Kopie-von-2024-08-21-Logo-BG-Bau-2.png\" class=\"attachment-full size-full wp-image-21345\" alt=\"tempries GmbH ist Mitglied der Berufsgenossenschaft Bau\" \/>\t\t\t\t\t\t\t\t\t\t\t\t\t\t\t<\/div>\n\t\t\t\t<\/div>\n\t\t\t\t<div class=\"elementor-element elementor-element-73752e4 elementor-widget elementor-widget-cms_heading\" data-id=\"73752e4\" data-element_type=\"widget\" data-widget_type=\"cms_heading.default\">\n\t\t\t\t<div class=\"elementor-widget-container\">\n\t\t\t\t\t<div class=\"cms-heading-wrapper cms-heading-layout1\">\r\n    \r\n            <h4 class=\"custom-heading\">\r\n            <span >Berufsgenossenschaft der Bauwirtschaft<\/span>\r\n        <\/h4>\r\n        \r\n            <div class=\"custom-heading-description\">Wir sind Mitglied der Berufsgenossenschaft Bau<\/div>\r\n    <\/div>\t\t\t\t<\/div>\n\t\t\t\t<\/div>\n\t\t            <\/div>\r\n        <\/div>\r\n        \t\t\t<\/div>\r\n\t\t<\/section>\r\n\t\t        <section class=\"elementor-section elementor-top-section elementor-element elementor-element-f39ac2b elementor-section-boxed elementor-section-height-default elementor-section-height-default\" data-id=\"f39ac2b\" data-element_type=\"section\">\r\n\t\t\r\n\t\t        <div class=\"elementor-container elementor-column-gap-extended \" >\r\n\t\t        <div class=\"elementor-column elementor-col-33 elementor-top-column elementor-element elementor-element-7998934\" data-id=\"7998934\" data-element_type=\"column\">\r\n            <div class=\"elementor-widget-wrap elementor-element-populated\">\r\n                \t\t<div class=\"elementor-element elementor-element-215afe0 elementor-widget elementor-widget-image\" data-id=\"215afe0\" data-element_type=\"widget\" data-widget_type=\"image.default\">\n\t\t\t\t<div class=\"elementor-widget-container\">\n\t\t\t\t\t\t\t\t\t\t\t\t\t\t\t<img loading=\"lazy\" decoding=\"async\" width=\"1599\" height=\"819\" src=\"https:\/\/tempries.de\/wp-content\/uploads\/2024\/09\/Waldenburger_Versicherung_logo.svg.png\" class=\"attachment-full size-full wp-image-21889\" alt=\"\" srcset=\"https:\/\/tempries.de\/wp-content\/uploads\/2024\/09\/Waldenburger_Versicherung_logo.svg.png 1599w, https:\/\/tempries.de\/wp-content\/uploads\/2024\/09\/Waldenburger_Versicherung_logo.svg-300x154.png 300w, https:\/\/tempries.de\/wp-content\/uploads\/2024\/09\/Waldenburger_Versicherung_logo.svg-1024x524.png 1024w, https:\/\/tempries.de\/wp-content\/uploads\/2024\/09\/Waldenburger_Versicherung_logo.svg-768x393.png 768w, https:\/\/tempries.de\/wp-content\/uploads\/2024\/09\/Waldenburger_Versicherung_logo.svg-1536x787.png 1536w, https:\/\/tempries.de\/wp-content\/uploads\/2024\/09\/Waldenburger_Versicherung_logo.svg-1170x600.png 1170w\" sizes=\"(max-width: 1599px) 100vw, 1599px\" \/>\t\t\t\t\t\t\t\t\t\t\t\t\t\t\t<\/div>\n\t\t\t\t<\/div>\n\t\t\t\t<div class=\"elementor-element elementor-element-2e23ae2 elementor-widget elementor-widget-cms_heading\" data-id=\"2e23ae2\" data-element_type=\"widget\" data-widget_type=\"cms_heading.default\">\n\t\t\t\t<div class=\"elementor-widget-container\">\n\t\t\t\t\t<div class=\"cms-heading-wrapper cms-heading-layout1\">\r\n    \r\n            <h4 class=\"custom-heading\">\r\n            <span >Waldenburger Versicherung AG<\/span>\r\n        <\/h4>\r\n        \r\n            <div class=\"custom-heading-description\">Hochwertiger Versicherungsschutz geh\u00f6rt mit zu unserer Leistung.<\/div>\r\n    <\/div>\t\t\t\t<\/div>\n\t\t\t\t<\/div>\n\t\t            <\/div>\r\n        <\/div>\r\n                <div class=\"elementor-column elementor-col-33 elementor-top-column elementor-element elementor-element-2420f7c\" data-id=\"2420f7c\" data-element_type=\"column\">\r\n            <div class=\"elementor-widget-wrap elementor-element-populated\">\r\n                \t\t<div class=\"elementor-element elementor-element-5dd6295 elementor-widget elementor-widget-cms_heading\" data-id=\"5dd6295\" data-element_type=\"widget\" data-widget_type=\"cms_heading.default\">\n\t\t\t\t<div class=\"elementor-widget-container\">\n\t\t\t\t\t<div class=\"cms-heading-wrapper cms-heading-layout1\">\r\n    \r\n        \r\n    <\/div>\t\t\t\t<\/div>\n\t\t\t\t<\/div>\n\t\t            <\/div>\r\n        <\/div>\r\n                <div class=\"elementor-column elementor-col-33 elementor-top-column elementor-element elementor-element-007eeed\" data-id=\"007eeed\" data-element_type=\"column\">\r\n            <div class=\"elementor-widget-wrap elementor-element-populated\">\r\n                \t\t<div class=\"elementor-element elementor-element-aad25ab elementor-widget elementor-widget-image\" data-id=\"aad25ab\" data-element_type=\"widget\" data-widget_type=\"image.default\">\n\t\t\t\t<div class=\"elementor-widget-container\">\n\t\t\t\t\t\t\t\t\t\t\t\t\t\t\t<img loading=\"lazy\" decoding=\"async\" width=\"1599\" height=\"819\" src=\"https:\/\/tempries.de\/wp-content\/uploads\/2025\/12\/Design-ohne-Titel-10.png\" class=\"attachment-full size-full wp-image-22907\" alt=\"tempries gmbh Zertifikat \u00a76 ChemKlimaschutz Verordnung\" srcset=\"https:\/\/tempries.de\/wp-content\/uploads\/2025\/12\/Design-ohne-Titel-10.png 1599w, https:\/\/tempries.de\/wp-content\/uploads\/2025\/12\/Design-ohne-Titel-10-300x154.png 300w, https:\/\/tempries.de\/wp-content\/uploads\/2025\/12\/Design-ohne-Titel-10-1024x524.png 1024w, https:\/\/tempries.de\/wp-content\/uploads\/2025\/12\/Design-ohne-Titel-10-768x393.png 768w, https:\/\/tempries.de\/wp-content\/uploads\/2025\/12\/Design-ohne-Titel-10-1536x787.png 1536w, https:\/\/tempries.de\/wp-content\/uploads\/2025\/12\/Design-ohne-Titel-10-1170x600.png 1170w\" sizes=\"(max-width: 1599px) 100vw, 1599px\" \/>\t\t\t\t\t\t\t\t\t\t\t\t\t\t\t<\/div>\n\t\t\t\t<\/div>\n\t\t\t\t<div class=\"elementor-element elementor-element-f567892 elementor-widget elementor-widget-cms_heading\" data-id=\"f567892\" data-element_type=\"widget\" data-widget_type=\"cms_heading.default\">\n\t\t\t\t<div class=\"elementor-widget-container\">\n\t\t\t\t\t<div class=\"cms-heading-wrapper cms-heading-layout1\">\r\n    \r\n            <h4 class=\"custom-heading\">\r\n            <span >Unternehmenszertifikat gem\u00e4\u00df \u00a76 ChemKlimaschutz Verordnung<\/span>\r\n        <\/h4>\r\n        \r\n    <\/div>\t\t\t\t<\/div>\n\t\t\t\t<\/div>\n\t\t            <\/div>\r\n        <\/div>\r\n        \t\t\t<\/div>\r\n\t\t<\/section>\r\n\t\t\t\t<\/div>\n\t\t","protected":false},"excerpt":{"rendered":"<p>Mitgliedschaften Als breitaufgestelltes Unternehmen im SHK Handwerk mit Planung, Montage und Online-Vertriebskan\u00e4len sind wir Mitglied in verschiedenen Kammern und Vereinigungen Beratungstermin Home Gute Arbeit, ben\u00f6tigt starke Partner Mit innovativen Systemen und Partnern st\u00e4rken wir das Handwerk Handwerkskammer Magdeburg Wir sind ein eingetragenes Unternehmen bei der Handwerkskammer Magdeburg. IHK Magdeburg Wir sind ein eingetragenes Unternehmen bei [&hellip;]<\/p>\n","protected":false},"author":1,"featured_media":0,"parent":0,"menu_order":0,"comment_status":"closed","ping_status":"closed","template":"","meta":{"footnotes":""},"class_list":["post-14838","page","type-page","status-publish","hentry"],"_links":{"self":[{"href":"https:\/\/tempries.de\/index.php\/wp-json\/wp\/v2\/pages\/14838","targetHints":{"allow":["GET"]}}],"collection":[{"href":"https:\/\/tempries.de\/index.php\/wp-json\/wp\/v2\/pages"}],"about":[{"href":"https:\/\/tempries.de\/index.php\/wp-json\/wp\/v2\/types\/page"}],"author":[{"embeddable":true,"href":"https:\/\/tempries.de\/index.php\/wp-json\/wp\/v2\/users\/1"}],"replies":[{"embeddable":true,"href":"https:\/\/tempries.de\/index.php\/wp-json\/wp\/v2\/comments?post=14838"}],"version-history":[{"count":41,"href":"https:\/\/tempries.de\/index.php\/wp-json\/wp\/v2\/pages\/14838\/revisions"}],"predecessor-version":[{"id":22910,"href":"https:\/\/tempries.de\/index.php\/wp-json\/wp\/v2\/pages\/14838\/revisions\/22910"}],"wp:attachment":[{"href":"https:\/\/tempries.de\/index.php\/wp-json\/wp\/v2\/media?parent=14838"}],"curies":[{"name":"wp","href":"https:\/\/api.w.org\/{rel}","templated":true}]}}