{"id":14760,"date":"2021-02-02T11:43:50","date_gmt":"2021-02-02T11:43:50","guid":{"rendered":"http:\/\/7oroof.com\/tfdemos\/energtec\/?page_id=14760"},"modified":"2024-09-30T09:05:04","modified_gmt":"2024-09-30T07:05:04","slug":"mitarbeiter","status":"publish","type":"page","link":"https:\/\/tempries.de\/index.php\/mitarbeiter\/","title":{"rendered":"Mitarbeiter"},"content":{"rendered":"\t\t<div data-elementor-type=\"wp-page\" data-elementor-id=\"14760\" class=\"elementor elementor-14760\">\n\t\t\t\t        <section class=\"elementor-section elementor-top-section elementor-element elementor-element-755cc12c elementor-section-stretched elementor-section-full_width elementor-section-height-default elementor-section-height-default\" data-id=\"755cc12c\" data-element_type=\"section\" data-settings=\"{&quot;stretch_section&quot;:&quot;section-stretched&quot;,&quot;background_background&quot;:&quot;classic&quot;}\">\r\n\t\t            <div class=\"elementor-background-overlay\"><\/div>\r\n\t\t\r\n\t\t        <div class=\"elementor-container elementor-column-gap-default \" >\r\n\t\t        <div class=\"elementor-column elementor-col-100 elementor-top-column elementor-element elementor-element-6e8c57c3\" data-id=\"6e8c57c3\" data-element_type=\"column\">\r\n            <div class=\"elementor-widget-wrap elementor-element-populated\">\r\n                        <section class=\"elementor-section elementor-inner-section elementor-element elementor-element-2b36b846 elementor-section-full_width elementor-section-height-default elementor-section-height-default\" data-id=\"2b36b846\" data-element_type=\"section\">\r\n\t\t\r\n\t\t        <div class=\"elementor-container elementor-column-gap-default \" >\r\n\t\t        <div class=\"elementor-column elementor-col-100 elementor-inner-column elementor-element elementor-element-65e814bd\" data-id=\"65e814bd\" data-element_type=\"column\">\r\n            <div class=\"elementor-widget-wrap elementor-element-populated\">\r\n                \t\t<div class=\"elementor-element elementor-element-6d77803b elementor-widget elementor-widget-cms_heading\" data-id=\"6d77803b\" data-element_type=\"widget\" data-widget_type=\"cms_heading.default\">\n\t\t\t\t<div class=\"elementor-widget-container\">\n\t\t\t\t\t<div class=\"cms-heading-wrapper cms-heading-layout1\">\r\n    \r\n            <h1 class=\"custom-heading\">\r\n            <span >Das tempries Team<\/span>\r\n        <\/h1>\r\n        \r\n    <\/div>\t\t\t\t<\/div>\n\t\t\t\t<\/div>\n\t\t\t\t<div class=\"elementor-element elementor-element-67ab10f0 elementor-widget elementor-widget-text-editor\" data-id=\"67ab10f0\" data-element_type=\"widget\" data-widget_type=\"text-editor.default\">\n\t\t\t\t<div class=\"elementor-widget-container\">\n\t\t\t\t\t\t\t\t\t<p>Der Mut der Gr\u00fcnder, Risiken einzugehen, ist der erste Schritt zur Verwirklichung einer Vision, die die Welt ver\u00e4ndern kann. Gemeinsam mit den Mitarbeitern zu wachsen bedeutet die St\u00e4rken des Teams zu nutzen, um Herausforderungen in Chancen zu verwandlen<\/p>\t\t\t\t\t\t\t\t<\/div>\n\t\t\t\t<\/div>\n\t\t            <\/div>\r\n        <\/div>\r\n        \t\t\t<\/div>\r\n\t\t<\/section>\r\n\t\t\t\t<div class=\"elementor-element elementor-element-eaf0c21 elementor-widget elementor-widget-spacer\" data-id=\"eaf0c21\" data-element_type=\"widget\" data-widget_type=\"spacer.default\">\n\t\t\t\t<div class=\"elementor-widget-container\">\n\t\t\t\t\t\t\t<div class=\"elementor-spacer\">\n\t\t\t<div class=\"elementor-spacer-inner\"><\/div>\n\t\t<\/div>\n\t\t\t\t\t\t<\/div>\n\t\t\t\t<\/div>\n\t\t\t\t<div class=\"elementor-element elementor-element-2aaf8a68 elementor-widget elementor-widget-cms_breadcrumb\" data-id=\"2aaf8a68\" data-element_type=\"widget\" data-widget_type=\"cms_breadcrumb.default\">\n\t\t\t\t<div class=\"elementor-widget-container\">\n\t\t\t\t\t<ul class=\"cms-breadcrumb\"><li><span class=\"breadcrumb-entry\">Home<\/span><\/li><\/ul>\t\t\t\t<\/div>\n\t\t\t\t<\/div>\n\t\t            <\/div>\r\n        <\/div>\r\n        \t\t\t<\/div>\r\n\t\t<\/section>\r\n\t\t        <section class=\"elementor-section elementor-top-section elementor-element elementor-element-547af5f elementor-section-boxed elementor-section-height-default elementor-section-height-default\" data-id=\"547af5f\" data-element_type=\"section\">\r\n\t\t\r\n\t\t        <div class=\"elementor-container elementor-column-gap-default \" >\r\n\t\t        <div class=\"elementor-column elementor-col-100 elementor-top-column elementor-element elementor-element-4f13e264\" data-id=\"4f13e264\" data-element_type=\"column\">\r\n            <div class=\"elementor-widget-wrap elementor-element-populated\">\r\n                \t\t<div class=\"elementor-element elementor-element-9db022d elementor-widget__width-initial elementor-widget elementor-widget-cms_team_grid\" data-id=\"9db022d\" data-element_type=\"widget\" data-widget_type=\"cms_team_grid.default\">\n\t\t\t\t<div class=\"elementor-widget-container\">\n\t\t\t\t\t    <div class=\"cms-grid cms-team-grid style1\">\r\n        <div class=\"cms-grid-inner row\" data-gutter=\"7\">\r\n                            <div class=\"grid-item col-xl-4 col-lg-4 col-md-4 col-sm-12 col-12\">\r\n                    <div class=\"item-inner\">\r\n                    \t                            <div class=\"item-image\">\r\n                                <img fetchpriority=\"high\" decoding=\"async\" class=\"\" src=\"https:\/\/tempries.de\/wp-content\/uploads\/2024\/07\/cropped-canstockphoto-Wiese-und-Himmel-370x450.jpg\" width=\"370\" height=\"450\" alt=\"Tempries GmbH Haustechniksysteme\" title=\"Tempries GmbH Haustechniksysteme\" \/>                                <div class=\"content-social\">\r\n                                    <div class=\"item-social\">\r\n                                                                            <\/div>\r\n                                <\/div>\r\n                            <\/div>\r\n                                                <div class=\"body-content\">\r\n                            <div class=\"content-text\">\r\n                                <h3 class=\"item-title\">\r\n                                    <a href=\"#\" target=\"_blank\" rel=\"nofollow\">\r\n                                        Arne Jehle                                    <\/a>\r\n                                <\/h3>\r\n                                <div class=\"item-position\">Gesch\u00e4ftsf\u00fchrer<\/div>\r\n                            <\/div>\r\n                        <\/div>\r\n                   <\/div>\r\n                <\/div>\r\n                            <div class=\"grid-item col-xl-4 col-lg-4 col-md-4 col-sm-12 col-12\">\r\n                    <div class=\"item-inner\">\r\n                    \t                            <div class=\"item-image\">\r\n                                <img fetchpriority=\"high\" decoding=\"async\" class=\"\" src=\"https:\/\/tempries.de\/wp-content\/uploads\/2024\/07\/cropped-canstockphoto-Wiese-und-Himmel-370x450.jpg\" width=\"370\" height=\"450\" alt=\"Tempries GmbH Haustechniksysteme\" title=\"Tempries GmbH Haustechniksysteme\" \/>                                <div class=\"content-social\">\r\n                                    <div class=\"item-social\">\r\n                                                                            <\/div>\r\n                                <\/div>\r\n                            <\/div>\r\n                                                <div class=\"body-content\">\r\n                            <div class=\"content-text\">\r\n                                <h3 class=\"item-title\">\r\n                                    <a >\r\n                                        Team Vertrieb                                    <\/a>\r\n                                <\/h3>\r\n                                <div class=\"item-position\"><\/div>\r\n                            <\/div>\r\n                        <\/div>\r\n                   <\/div>\r\n                <\/div>\r\n                            <div class=\"grid-item col-xl-4 col-lg-4 col-md-4 col-sm-12 col-12\">\r\n                    <div class=\"item-inner\">\r\n                    \t                            <div class=\"item-image\">\r\n                                <img fetchpriority=\"high\" decoding=\"async\" class=\"\" src=\"https:\/\/tempries.de\/wp-content\/uploads\/2024\/07\/cropped-canstockphoto-Wiese-und-Himmel-370x450.jpg\" width=\"370\" height=\"450\" alt=\"Tempries GmbH Haustechniksysteme\" title=\"Tempries GmbH Haustechniksysteme\" \/>                                <div class=\"content-social\">\r\n                                    <div class=\"item-social\">\r\n                                                                            <\/div>\r\n                                <\/div>\r\n                            <\/div>\r\n                                                <div class=\"body-content\">\r\n                            <div class=\"content-text\">\r\n                                <h3 class=\"item-title\">\r\n                                    <a >\r\n                                        Team Planung &amp; Montage                                    <\/a>\r\n                                <\/h3>\r\n                                <div class=\"item-position\"><\/div>\r\n                            <\/div>\r\n                        <\/div>\r\n                   <\/div>\r\n                <\/div>\r\n                            <div class=\"grid-item col-xl-4 col-lg-4 col-md-4 col-sm-12 col-12\">\r\n                    <div class=\"item-inner\">\r\n                    \t                            <div class=\"item-image\">\r\n                                <img fetchpriority=\"high\" decoding=\"async\" class=\"\" src=\"https:\/\/tempries.de\/wp-content\/uploads\/2024\/07\/cropped-canstockphoto-Wiese-und-Himmel-370x450.jpg\" width=\"370\" height=\"450\" alt=\"Tempries GmbH Haustechniksysteme\" title=\"Tempries GmbH Haustechniksysteme\" \/>                                <div class=\"content-social\">\r\n                                    <div class=\"item-social\">\r\n                                                                            <\/div>\r\n                                <\/div>\r\n                            <\/div>\r\n                                                <div class=\"body-content\">\r\n                            <div class=\"content-text\">\r\n                                <h3 class=\"item-title\">\r\n                                    <a >\r\n                                        Team Service &amp; Wartung                                    <\/a>\r\n                                <\/h3>\r\n                                <div class=\"item-position\"><\/div>\r\n                            <\/div>\r\n                        <\/div>\r\n                   <\/div>\r\n                <\/div>\r\n                                <\/div>\r\n    <\/div>\r\n\t\t\t\t<\/div>\n\t\t\t\t<\/div>\n\t\t            <\/div>\r\n        <\/div>\r\n        \t\t\t<\/div>\r\n\t\t<\/section>\r\n\t\t\t\t<\/div>\n\t\t","protected":false},"excerpt":{"rendered":"<p>Das tempries Team Der Mut der Gr\u00fcnder, Risiken einzugehen, ist der erste Schritt zur Verwirklichung einer Vision, die die Welt ver\u00e4ndern kann. Gemeinsam mit den Mitarbeitern zu wachsen bedeutet die St\u00e4rken des Teams zu nutzen, um Herausforderungen in Chancen zu verwandlen Home Arne Jehle Gesch\u00e4ftsf\u00fchrer Team Vertrieb Team Planung &amp; Montage Team Service &amp; Wartung<\/p>\n","protected":false},"author":1,"featured_media":0,"parent":0,"menu_order":0,"comment_status":"closed","ping_status":"closed","template":"","meta":{"footnotes":""},"class_list":["post-14760","page","type-page","status-publish","hentry"],"_links":{"self":[{"href":"https:\/\/tempries.de\/index.php\/wp-json\/wp\/v2\/pages\/14760","targetHints":{"allow":["GET"]}}],"collection":[{"href":"https:\/\/tempries.de\/index.php\/wp-json\/wp\/v2\/pages"}],"about":[{"href":"https:\/\/tempries.de\/index.php\/wp-json\/wp\/v2\/types\/page"}],"author":[{"embeddable":true,"href":"https:\/\/tempries.de\/index.php\/wp-json\/wp\/v2\/users\/1"}],"replies":[{"embeddable":true,"href":"https:\/\/tempries.de\/index.php\/wp-json\/wp\/v2\/comments?post=14760"}],"version-history":[{"count":39,"href":"https:\/\/tempries.de\/index.php\/wp-json\/wp\/v2\/pages\/14760\/revisions"}],"predecessor-version":[{"id":22318,"href":"https:\/\/tempries.de\/index.php\/wp-json\/wp\/v2\/pages\/14760\/revisions\/22318"}],"wp:attachment":[{"href":"https:\/\/tempries.de\/index.php\/wp-json\/wp\/v2\/media?parent=14760"}],"curies":[{"name":"wp","href":"https:\/\/api.w.org\/{rel}","templated":true}]}}