{"id":14,"date":"2024-08-29T02:18:07","date_gmt":"2024-08-29T00:18:07","guid":{"rendered":"https:\/\/demo.cmssuperheroes.com\/themeforest\/koira\/?page_id=14"},"modified":"2024-10-11T16:34:18","modified_gmt":"2024-10-11T14:34:18","slug":"blog","status":"publish","type":"page","link":"https:\/\/tempries.de\/index.php\/blog\/","title":{"rendered":"Blog"},"content":{"rendered":"\t\t<div data-elementor-type=\"wp-post\" data-elementor-id=\"14\" class=\"elementor elementor-14\">\n\t\t\t\t        <section class=\"elementor-section elementor-top-section elementor-element elementor-element-88f8c7b elementor-section-stretched elementor-section-boxed elementor-section-height-default elementor-section-height-default\" data-id=\"88f8c7b\" data-element_type=\"section\" data-settings=\"{&quot;stretch_section&quot;:&quot;section-stretched&quot;,&quot;background_background&quot;:&quot;classic&quot;}\">\r\n\t\t            <div class=\"elementor-background-overlay\"><\/div>\r\n\t\t\r\n\t\t        <div class=\"elementor-container elementor-column-gap-default \" >\r\n\t\t        <div class=\"elementor-column elementor-col-100 elementor-top-column elementor-element elementor-element-8a40248\" data-id=\"8a40248\" data-element_type=\"column\">\r\n            <div class=\"elementor-widget-wrap elementor-element-populated\">\r\n                \t\t<div class=\"elementor-element elementor-element-8f64f10 elementor-widget elementor-widget-cms_heading\" data-id=\"8f64f10\" data-element_type=\"widget\" data-widget_type=\"cms_heading.default\">\n\t\t\t\t<div class=\"elementor-widget-container\">\n\t\t\t\t\t<div class=\"cms-heading-wrapper cms-heading-layout1\">\r\n    \r\n            <h1 class=\"custom-heading\">\r\n            <span >Unser Blog mit Neuigkeiten, Jobs, Veranstaltungen und vielem mehr<\/span>\r\n        <\/h1>\r\n        \r\n    <\/div>\t\t\t\t<\/div>\n\t\t\t\t<\/div>\n\t\t\t\t<div class=\"elementor-element elementor-element-ca58767 elementor-widget elementor-widget-cms_breadcrumb\" data-id=\"ca58767\" data-element_type=\"widget\" data-widget_type=\"cms_breadcrumb.default\">\n\t\t\t\t<div class=\"elementor-widget-container\">\n\t\t\t\t\t<ul class=\"cms-breadcrumb\"><li><span class=\"breadcrumb-entry\">Home<\/span><\/li><\/ul>\t\t\t\t<\/div>\n\t\t\t\t<\/div>\n\t\t            <\/div>\r\n        <\/div>\r\n        \t\t\t<\/div>\r\n\t\t<\/section>\r\n\t\t        <section class=\"elementor-section elementor-top-section elementor-element elementor-element-8cd3075 elementor-section-boxed elementor-section-height-default elementor-section-height-default\" data-id=\"8cd3075\" data-element_type=\"section\">\r\n\t\t\r\n\t\t        <div class=\"elementor-container elementor-column-gap-default \" >\r\n\t\t        <div class=\"elementor-column elementor-col-100 elementor-top-column elementor-element elementor-element-991cd29\" data-id=\"991cd29\" data-element_type=\"column\">\r\n            <div class=\"elementor-widget-wrap elementor-element-populated\">\r\n                \t\t<div class=\"elementor-element elementor-element-a5c18ad elementor-widget elementor-widget-cms_post_grid\" data-id=\"a5c18ad\" data-element_type=\"widget\" data-widget_type=\"cms_post_grid.default\">\n\t\t\t\t<div class=\"elementor-widget-container\">\n\t\t\t\t\t\r\n<div id=\"cms_post_grid-a5c18ad\" class=\"cms-grid cms-post-grid-layout1\" data-layout=\"masonry\" data-start-page=\"1\" data-max-pages=\"1\" data-total=\"3\" data-perpage=\"6\" data-next-link=\"\">\r\n    <div class=\"cms-grid-overlay\"><\/div>\r\n    \r\n    <div class=\"cms-grid-inner cms-grid-masonry row animation-time\" data-gutter=\"15\">\r\n                    <div class=\"grid-sizer col-xl-4 col-lg-4 col-md-6 col-sm-6 col-12\"><\/div>\r\n                                <div class=\"grid-item col-xl-4 col-lg-4 col-md-6 col-sm-6 col-12 \">\r\n                    <div class=\"grid-item-inner\">\r\n                                                    <div class=\"entry-featured\">\r\n                                <div class=\"post-image\">\r\n                                    <a href=\"https:\/\/tempries.de\/index.php\/2024\/09\/09\/arbeitsplaetze\/\"><img fetchpriority=\"high\" decoding=\"async\" class=\"\" src=\"https:\/\/tempries.de\/wp-content\/uploads\/2024\/07\/cropped-canstockphoto-Wiese-und-Himmel-370x270.jpg\" width=\"370\" height=\"270\" alt=\"Tempries GmbH Haustechniksysteme\" title=\"Tempries GmbH Haustechniksysteme\" \/><\/a>\r\n                                <\/div>\r\n                                                                    <div class=\"post-category\"><a href=\"https:\/\/tempries.de\/index.php\/category\/jobs-arbeitsstellen-und-ausbildung\/\" rel=\"tag\">Jobs, Arbeitsstelle und Ausbildung<\/a><\/div>\r\n                                                            <\/div>\r\n                                                <div class=\"entry-body\">\r\n                            <ul class=\"entry-meta\">\r\n                                                                    <li class=\"post-date\">September 9, 2024<\/li>\r\n                                                                                                    <li class=\"author\">\r\n                                        <a href=\"https:\/\/tempries.de\/author\/post_yl2aonfj\/\">Arne Jehle<\/a><\/li>\r\n                                                            <\/ul>\r\n                            <h3 class=\"entry-title\">\r\n                                <a href=\"https:\/\/tempries.de\/index.php\/2024\/09\/09\/arbeitsplaetze\/\">Jobs<\/a>\r\n                            <\/h3>\r\n                                                            <div class=\"entry-content\">\r\n                                    Wir sind immer neugierig auf Menschen, die gerne etwas auf dieser Welt bewegen m\u00f6chten. Einfach mal melden und wir k\u00f6nnen schauen ob wir etwas Zusammen machen k\u00f6nnen.                                <\/div>\r\n                                                                                        <div class=\"entry-readmore\">\r\n                                    <a class=\"btn-more\" href=\"https:\/\/tempries.de\/index.php\/2024\/09\/09\/arbeitsplaetze\/\">\r\n                                        <span>Read More<\/span>\r\n                                        <i class=\"fas fac-arrow-right\"><\/i>\r\n                                    <\/a>\r\n                                <\/div>\r\n                                                    <\/div>\r\n                    <\/div>\r\n                <\/div>\r\n                            <div class=\"grid-item col-xl-4 col-lg-4 col-md-6 col-sm-6 col-12 \">\r\n                    <div class=\"grid-item-inner\">\r\n                                                    <div class=\"entry-featured\">\r\n                                <div class=\"post-image\">\r\n                                    <a href=\"https:\/\/tempries.de\/index.php\/2024\/09\/08\/news\/\"><img fetchpriority=\"high\" decoding=\"async\" class=\"\" src=\"https:\/\/tempries.de\/wp-content\/uploads\/2024\/07\/cropped-canstockphoto-Wiese-und-Himmel-370x270.jpg\" width=\"370\" height=\"270\" alt=\"Tempries GmbH Haustechniksysteme\" title=\"Tempries GmbH Haustechniksysteme\" \/><\/a>\r\n                                <\/div>\r\n                                                                    <div class=\"post-category\"><a href=\"https:\/\/tempries.de\/index.php\/category\/veranstaltungen-der-tempries-gmbh\/\" rel=\"tag\">Veranstaltungen<\/a><\/div>\r\n                                                            <\/div>\r\n                                                <div class=\"entry-body\">\r\n                            <ul class=\"entry-meta\">\r\n                                                                    <li class=\"post-date\">September 8, 2024<\/li>\r\n                                                                                                    <li class=\"author\">\r\n                                        <a href=\"https:\/\/tempries.de\/author\/post_yl2aonfj\/\">Arne Jehle<\/a><\/li>\r\n                                                            <\/ul>\r\n                            <h3 class=\"entry-title\">\r\n                                <a href=\"https:\/\/tempries.de\/index.php\/2024\/09\/08\/news\/\">Veranstaltungen<\/a>\r\n                            <\/h3>\r\n                                                            <div class=\"entry-content\">\r\n                                    Zur Zeit sind keine Verantstaltungen geplant. Wir k\u00f6nnen Ihnen aber gerne eine Produkpr\u00e4sentation bei Ihnen vorort oder per Videokonferenz anbieten. Sprechen Sie uns an, wir werden mit Ihnen einen Termin&hellip;                                <\/div>\r\n                                                                                        <div class=\"entry-readmore\">\r\n                                    <a class=\"btn-more\" href=\"https:\/\/tempries.de\/index.php\/2024\/09\/08\/news\/\">\r\n                                        <span>Read More<\/span>\r\n                                        <i class=\"fas fac-arrow-right\"><\/i>\r\n                                    <\/a>\r\n                                <\/div>\r\n                                                    <\/div>\r\n                    <\/div>\r\n                <\/div>\r\n                            <div class=\"grid-item col-xl-4 col-lg-4 col-md-6 col-sm-6 col-12 \">\r\n                    <div class=\"grid-item-inner\">\r\n                                                    <div class=\"entry-featured\">\r\n                                <div class=\"post-image\">\r\n                                    <a href=\"https:\/\/tempries.de\/index.php\/2024\/09\/08\/neuws\/\"><img fetchpriority=\"high\" decoding=\"async\" class=\"\" src=\"https:\/\/tempries.de\/wp-content\/uploads\/2024\/07\/cropped-canstockphoto-Wiese-und-Himmel-370x270.jpg\" width=\"370\" height=\"270\" alt=\"Tempries GmbH Haustechniksysteme\" title=\"Tempries GmbH Haustechniksysteme\" \/><\/a>\r\n                                <\/div>\r\n                                                                    <div class=\"post-category\"><a href=\"https:\/\/tempries.de\/index.php\/category\/veranstaltungen-der-tempries-gmbh\/\" rel=\"tag\">Veranstaltungen<\/a><\/div>\r\n                                                            <\/div>\r\n                                                <div class=\"entry-body\">\r\n                            <ul class=\"entry-meta\">\r\n                                                                    <li class=\"post-date\">September 8, 2024<\/li>\r\n                                                                                                    <li class=\"author\">\r\n                                        <a href=\"https:\/\/tempries.de\/author\/post_yl2aonfj\/\">Arne Jehle<\/a><\/li>\r\n                                                            <\/ul>\r\n                            <h3 class=\"entry-title\">\r\n                                <a href=\"https:\/\/tempries.de\/index.php\/2024\/09\/08\/neuws\/\">News<\/a>\r\n                            <\/h3>\r\n                                                            <div class=\"entry-content\">\r\n                                    Im Laufe dieses Jahres werden wir unseren Digitalenvertrieb neu aufgestellt haben. Das hei\u00dft f\u00fcr Sie, dass wir noch schneller einen Beratungstermin f\u00fcr Sie telefonsich, vorort oder per Videokonferenz anbieten k\u00f6nnen.                                <\/div>\r\n                                                                                        <div class=\"entry-readmore\">\r\n                                    <a class=\"btn-more\" href=\"https:\/\/tempries.de\/index.php\/2024\/09\/08\/neuws\/\">\r\n                                        <span>Read More<\/span>\r\n                                        <i class=\"fas fac-arrow-right\"><\/i>\r\n                                    <\/a>\r\n                                <\/div>\r\n                                                    <\/div>\r\n                    <\/div>\r\n                <\/div>\r\n                <\/div>\r\n            <div class=\"cms-grid-pagination\" data-loadmore=\"{&quot;startPage&quot;:1,&quot;maxPages&quot;:1,&quot;total&quot;:3,&quot;perpage&quot;:&quot;6&quot;,&quot;nextLink&quot;:&quot;&quot;,&quot;source&quot;:&quot;&quot;,&quot;orderby&quot;:&quot;date&quot;,&quot;order&quot;:&quot;desc&quot;,&quot;limit&quot;:&quot;6&quot;,&quot;post_ids&quot;:&quot;&quot;,&quot;col_xl&quot;:4,&quot;col_lg&quot;:4,&quot;col_md&quot;:6,&quot;col_sm&quot;:6,&quot;col_xs&quot;:12,&quot;thumbnail_size&quot;:&quot;custom&quot;,&quot;thumbnail_custom_dimension&quot;:{&quot;width&quot;:&quot;370&quot;,&quot;height&quot;:&quot;270&quot;},&quot;title_tag&quot;:&quot;h3&quot;,&quot;pagination_type&quot;:&quot;pagination&quot;,&quot;show_thumbnail&quot;:&quot;true&quot;,&quot;show_meta&quot;:&quot;true&quot;,&quot;show_author&quot;:&quot;true&quot;,&quot;show_post_date&quot;:&quot;true&quot;,&quot;show_categories&quot;:&quot;true&quot;,&quot;show_excerpt&quot;:&quot;true&quot;,&quot;num_words&quot;:30,&quot;show_button&quot;:&quot;true&quot;,&quot;hover_animation&quot;:&quot;pagination&quot;,&quot;button_text&quot;:&quot;Read More&quot;,&quot;template_type&quot;:&quot;post_grid_layout1&quot;,&quot;tax&quot;:[]}\" data-query=\"{&quot;post_type&quot;:&quot;post&quot;,&quot;post_status&quot;:&quot;publish&quot;,&quot;posts_per_page&quot;:6,&quot;order&quot;:&quot;desc&quot;,&quot;orderby&quot;:&quot;date&quot;,&quot;tax_query&quot;:{&quot;relation&quot;:&quot;OR&quot;},&quot;post__not_in&quot;:[14]}\">\r\n                    <\/div>\r\n        <\/div>\t\t\t\t<\/div>\n\t\t\t\t<\/div>\n\t\t            <\/div>\r\n        <\/div>\r\n        \t\t\t<\/div>\r\n\t\t<\/section>\r\n\t\t\t\t<\/div>\n\t\t","protected":false},"excerpt":{"rendered":"<p>Unser Blog mit Neuigkeiten, Jobs, Veranstaltungen und vielem mehr Home Kraftwerk mit Photovoltaik, Wind Generators August 14, 2024 Arne Jehle News 2024 Batteries are the most expensive part of a solar system. Between appropriately-size battery bank and a battery-based inverter like the Outback Radian, you\u2019re looking&#8230; Read More Kraftwerk mit Photovoltaik Dezember 24, 2020 Arne [&hellip;]<\/p>\n","protected":false},"author":1,"featured_media":0,"parent":0,"menu_order":0,"comment_status":"closed","ping_status":"closed","template":"","meta":{"footnotes":""},"class_list":["post-14","page","type-page","status-publish","hentry"],"_links":{"self":[{"href":"https:\/\/tempries.de\/index.php\/wp-json\/wp\/v2\/pages\/14","targetHints":{"allow":["GET"]}}],"collection":[{"href":"https:\/\/tempries.de\/index.php\/wp-json\/wp\/v2\/pages"}],"about":[{"href":"https:\/\/tempries.de\/index.php\/wp-json\/wp\/v2\/types\/page"}],"author":[{"embeddable":true,"href":"https:\/\/tempries.de\/index.php\/wp-json\/wp\/v2\/users\/1"}],"replies":[{"embeddable":true,"href":"https:\/\/tempries.de\/index.php\/wp-json\/wp\/v2\/comments?post=14"}],"version-history":[{"count":4,"href":"https:\/\/tempries.de\/index.php\/wp-json\/wp\/v2\/pages\/14\/revisions"}],"predecessor-version":[{"id":22355,"href":"https:\/\/tempries.de\/index.php\/wp-json\/wp\/v2\/pages\/14\/revisions\/22355"}],"wp:attachment":[{"href":"https:\/\/tempries.de\/index.php\/wp-json\/wp\/v2\/media?parent=14"}],"curies":[{"name":"wp","href":"https:\/\/api.w.org\/{rel}","templated":true}]}}